{"id":12816,"date":"2020-11-12T03:54:48","date_gmt":"2020-11-12T03:54:48","guid":{"rendered":"https:\/\/3dracsnadal.com\/?page_id=12816"},"modified":"2024-03-12T15:59:25","modified_gmt":"2024-03-12T15:59:25","slug":"spaces","status":"publish","type":"page","link":"https:\/\/3dracsnadal.com\/en\/spaces\/","title":{"rendered":"Spaces"},"content":{"rendered":"\t\t<div data-elementor-type=\"wp-page\" data-elementor-id=\"12816\" class=\"elementor elementor-12816 elementor-3163\">\n\t\t\t\t\t\t<section class=\"elementor-section elementor-top-section elementor-element elementor-element-0d7bbf3 elementor-section-boxed elementor-section-height-default elementor-section-height-default\" data-id=\"0d7bbf3\" data-element_type=\"section\" data-settings=\"{&quot;background_background&quot;:&quot;classic&quot;}\">\n\t\t\t\t\t\t<div class=\"elementor-container elementor-column-gap-default\">\n\t\t\t\t\t<div class=\"elementor-column elementor-col-100 elementor-top-column elementor-element elementor-element-361099c\" data-id=\"361099c\" data-element_type=\"column\">\n\t\t\t<div class=\"elementor-widget-wrap elementor-element-populated\">\n\t\t\t\t\t\t<div class=\"elementor-element elementor-element-14fcfb0 elementor-widget elementor-widget-heading\" data-id=\"14fcfb0\" data-element_type=\"widget\" data-widget_type=\"heading.default\">\n\t\t\t\t<div class=\"elementor-widget-container\">\n\t\t\t<style>\/*! elementor - v3.19.0 - 28-02-2024 *\/\n.elementor-heading-title{padding:0;margin:0;line-height:1}.elementor-widget-heading .elementor-heading-title[class*=elementor-size-]>a{color:inherit;font-size:inherit;line-height:inherit}.elementor-widget-heading .elementor-heading-title.elementor-size-small{font-size:15px}.elementor-widget-heading .elementor-heading-title.elementor-size-medium{font-size:19px}.elementor-widget-heading .elementor-heading-title.elementor-size-large{font-size:29px}.elementor-widget-heading .elementor-heading-title.elementor-size-xl{font-size:39px}.elementor-widget-heading .elementor-heading-title.elementor-size-xxl{font-size:59px}<\/style><h1 class=\"elementor-heading-title elementor-size-default\">Our Spaces<\/h1>\t\t<\/div>\n\t\t\t\t<\/div>\n\t\t\t\t<div class=\"elementor-element elementor-element-6e0146a poket-star-rating--align-center elementor-widget elementor-widget-witr_section_title\" data-id=\"6e0146a\" data-element_type=\"widget\" data-widget_type=\"witr_section_title.default\">\n\t\t\t\t<div class=\"elementor-widget-container\">\n\t\t\t\t\t\t\t\t<!-- title center -->\n\t\t\t\t\t<div class=\"witr_section_title\">\n\t\t\t\t\t\t<div class=\"witr_section_title_inner text-center\">\n\n\t\t\t\t\t\t\t<!-- icon position -->\n\t\t\t\t\t\t\t\t\n\t\t\t\t\t\t\t<!-- end icon position -->\n\t\t\t\t\t\t\t\n\t\t\t\t\t\t\n\t\t\t\t\t\t\t<!-- title top -->\n\t\t\t\t\t\t\t\n\n\t\t\t\t\t\t\t<!-- icon position -->\n\t\t\t\t\t\t\t\t\t\t\t\t\t\t\n\t\t\t\t\t\t\t<!-- image -->\n\t\t\t\t\t\t\t\t\t\t\t\t\t\t<!-- icon -->\n\t\t\t\t\t\t\t\t\t\t\t\t\t\t\n\t\t\t\t\t\t\t<!-- bar -->\n\t\t\t\t\t\t\t\t\t\t\t\t\t\t<!-- circle bar -->\n\t\t\t\t\t\t\t\t\t\t\t\t\t\t\n\t\t\t\t\t\t\t\t\n\t\t\t\t\t\t\t<!-- end icon position -->\n\n\n\t\t\t\t\t\t\t\n\t\t\t\t\t\t\t<!-- title middle -->\n\t\t\t\t\t\t\t\t\t\t\t\t\t\t\t<h3>\n<\/h3>\t\t\n\t\t\t\t\t\t\t\t\t\t\t\t\t\t<!-- title bottom -->\n\t\t\t\t\t\t\t\n\t\t\t\t\t\t\t\n\t\t\t\t\t\t\t\n\t\t\t\t\t\t\t\t\n\t\t\t\t\t\t\t\n\n\t\t\t\t\t\t\t\n\t\t\t\t\t\t\t<!-- content -->\n\t\t\t\t\t\t\t\t\t\t\t\t\t\t\t<p>Here we present a summary of the surroundings of the house.\n\n <\/p>\t\t\n\t\t\t\t\t\t\t\t\t\t\t\t\t\t\n\t\t\t\t\t\t<\/div>\n\t\t\t\t\t\t\t<!-- inner title -->\n\t\t\t\t\t\t\t\t\t\t\t\t\t\n\t\t\t\t\t<\/div>\n\n\t\t\t\t\t\t<\/div>\n\t\t\t\t<\/div>\n\t\t\t\t<section class=\"elementor-section elementor-inner-section elementor-element elementor-element-46b8423 elementor-section-boxed elementor-section-height-default elementor-section-height-default\" data-id=\"46b8423\" data-element_type=\"section\">\n\t\t\t\t\t\t<div class=\"elementor-container elementor-column-gap-default\">\n\t\t\t\t\t<div class=\"elementor-column elementor-col-50 elementor-inner-column elementor-element elementor-element-80ad131\" data-id=\"80ad131\" data-element_type=\"column\">\n\t\t\t<div class=\"elementor-widget-wrap elementor-element-populated\">\n\t\t\t\t\t\t<div class=\"elementor-element elementor-element-5db074b elementor-widget elementor-widget-image\" data-id=\"5db074b\" data-element_type=\"widget\" data-widget_type=\"image.default\">\n\t\t\t\t<div class=\"elementor-widget-container\">\n\t\t\t<style>\/*! elementor - v3.19.0 - 28-02-2024 *\/\n.elementor-widget-image{text-align:center}.elementor-widget-image a{display:inline-block}.elementor-widget-image a img[src$=\".svg\"]{width:48px}.elementor-widget-image img{vertical-align:middle;display:inline-block}<\/style>\t\t\t\t\t\t\t\t\t\t<img fetchpriority=\"high\" decoding=\"async\" width=\"1200\" height=\"737\" src=\"https:\/\/3dracsnadal.com\/wp-content\/uploads\/2024\/02\/espacio1.png\" class=\"attachment-full size-full wp-image-12615\" alt=\"\" srcset=\"https:\/\/3dracsnadal.com\/wp-content\/uploads\/2024\/02\/espacio1.png 1200w, https:\/\/3dracsnadal.com\/wp-content\/uploads\/2024\/02\/espacio1-300x184.png 300w, https:\/\/3dracsnadal.com\/wp-content\/uploads\/2024\/02\/espacio1-1024x629.png 1024w, https:\/\/3dracsnadal.com\/wp-content\/uploads\/2024\/02\/espacio1-768x472.png 768w, https:\/\/3dracsnadal.com\/wp-content\/uploads\/2024\/02\/espacio1-570x350.png 570w\" sizes=\"(max-width: 1200px) 100vw, 1200px\" \/>\t\t\t\t\t\t\t\t\t\t\t\t\t<\/div>\n\t\t\t\t<\/div>\n\t\t\t\t<div class=\"elementor-element elementor-element-081edfa poket-star-rating--align-center elementor-widget elementor-widget-witr_section_title\" data-id=\"081edfa\" data-element_type=\"widget\" data-widget_type=\"witr_section_title.default\">\n\t\t\t\t<div class=\"elementor-widget-container\">\n\t\t\t\t\t\t\t\t<!-- title center -->\n\t\t\t\t\t<div class=\"witr_section_title\">\n\t\t\t\t\t\t<div class=\"witr_section_title_inner text-center\">\n\n\t\t\t\t\t\t\t<!-- icon position -->\n\t\t\t\t\t\t\t\t\n\t\t\t\t\t\t\t<!-- end icon position -->\n\t\t\t\t\t\t\t\n\t\t\t\t\t\t\n\t\t\t\t\t\t\t<!-- title top -->\n\t\t\t\t\t\t\t\t\t\t\t\t\t\t\t<h2>Location<\/h2>\t\t\n\t\t\t\t\t\t\t\n\n\t\t\t\t\t\t\t<!-- icon position -->\n\t\t\t\t\t\t\t\t\n\t\t\t\t\t\t\t<!-- end icon position -->\n\n\n\t\t\t\t\t\t\t\n\t\t\t\t\t\t\t<!-- title middle -->\n\t\t\t\t\t\t\t\t\t\t\t\t\t\t\t<h3>Discover the Beauty of Osona and Sant Juli\u00e0 de Vilatorta<br>for Your Stay in Our Vacation Home\n<\/h3>\t\t\n\t\t\t\t\t\t\t\t\t\t\t\t\t\t<!-- title bottom -->\n\t\t\t\t\t\t\t\n\t\t\t\t\t\t\t\n\t\t\t\t\t\t\t\n\t\t\t\t\t\t\t\t\t\t\t\t\t\t\n\t\t\t\t\t\t\t<!-- image -->\n\t\t\t\t\t\t\t\t\t\t\t\t\t\t<!-- icon -->\n\t\t\t\t\t\t\t\t\t\t\t\t\t\t\n\t\t\t\t\t\t\t<!-- bar -->\n\t\t\t\t\t\t\t\t\t\t\t\t\t\t<!-- circle bar -->\n\t\t\t\t\t\t\t\t\t\t\t\t\t\t\n\t\t\t\t\t\t\t\t\n\t\t\t\t\t\t\t\n\n\t\t\t\t\t\t\t\n\t\t\t\t\t\t\t<!-- content -->\n\t\t\t\t\t\t\t\t\t\t\t\t\t\t\t<p>Sant Juli\u00e0 de Vilatorta\n\n  <\/p>\t\t\n\t\t\t\t\t\t\t\t\t\t\t\t\t\t\n\t\t\t\t\t\t<\/div>\n\t\t\t\t\t\t\t<!-- inner title -->\n\t\t\t\t\t\t\t\t\t\t\t\t\t\n\t\t\t\t\t<\/div>\n\n\t\t\t\t\t\t<\/div>\n\t\t\t\t<\/div>\n\t\t\t\t<div class=\"elementor-element elementor-element-da5aa51 elementor-align-center elementor-widget elementor-widget-button\" data-id=\"da5aa51\" data-element_type=\"widget\" data-widget_type=\"button.default\">\n\t\t\t\t<div class=\"elementor-widget-container\">\n\t\t\t\t\t<div class=\"elementor-button-wrapper\">\n\t\t\t<a class=\"elementor-button elementor-button-link elementor-size-sm\" href=\"https:\/\/3dracsnadal.com\/en\/discover-the-beauty-of-osona-and-sant-julia-de-vilatorta-for-your-stay-in-our-vacation-home\/\">\n\t\t\t\t\t\t<span class=\"elementor-button-content-wrapper\">\n\t\t\t\t\t\t<span class=\"elementor-button-text\">More information<\/span>\n\t\t<\/span>\n\t\t\t\t\t<\/a>\n\t\t<\/div>\n\t\t\t\t<\/div>\n\t\t\t\t<\/div>\n\t\t\t\t\t<\/div>\n\t\t<\/div>\n\t\t\t\t<div class=\"elementor-column elementor-col-50 elementor-inner-column elementor-element elementor-element-e34cfc6\" data-id=\"e34cfc6\" data-element_type=\"column\">\n\t\t\t<div class=\"elementor-widget-wrap elementor-element-populated\">\n\t\t\t\t\t\t<div class=\"elementor-element elementor-element-40acf44 elementor-widget elementor-widget-image\" data-id=\"40acf44\" data-element_type=\"widget\" data-widget_type=\"image.default\">\n\t\t\t\t<div class=\"elementor-widget-container\">\n\t\t\t\t\t\t\t\t\t\t\t\t\t<img decoding=\"async\" width=\"570\" height=\"350\" src=\"https:\/\/3dracsnadal.com\/wp-content\/uploads\/2024\/02\/espacio2-570x350.png\" class=\"attachment-poket-blog-both size-poket-blog-both wp-image-12598\" alt=\"\" \/>\t\t\t\t\t\t\t\t\t\t\t\t\t<\/div>\n\t\t\t\t<\/div>\n\t\t\t\t<div class=\"elementor-element elementor-element-769b67a poket-star-rating--align-center elementor-widget elementor-widget-witr_section_title\" data-id=\"769b67a\" data-element_type=\"widget\" data-widget_type=\"witr_section_title.default\">\n\t\t\t\t<div class=\"elementor-widget-container\">\n\t\t\t\t\t\t\t\t<!-- title center -->\n\t\t\t\t\t<div class=\"witr_section_title\">\n\t\t\t\t\t\t<div class=\"witr_section_title_inner text-center\">\n\n\t\t\t\t\t\t\t<!-- icon position -->\n\t\t\t\t\t\t\t\t\n\t\t\t\t\t\t\t<!-- end icon position -->\n\t\t\t\t\t\t\t\n\t\t\t\t\t\t\n\t\t\t\t\t\t\t<!-- title top -->\n\t\t\t\t\t\t\t\t\t\t\t\t\t\t\t<h2>Home<\/h2>\t\t\n\t\t\t\t\t\t\t\n\n\t\t\t\t\t\t\t<!-- icon position -->\n\t\t\t\t\t\t\t\t\n\t\t\t\t\t\t\t<!-- end icon position -->\n\n\n\t\t\t\t\t\t\t\n\t\t\t\t\t\t\t<!-- title middle -->\n\t\t\t\t\t\t\t\t\t\t\t\t\t\t\t<h3>Our charming accommodation<br>in Sant Juli\u00e0 de Vilatorta<\/h3>\t\t\n\t\t\t\t\t\t\t\t\t\t\t\t\t\t<!-- title bottom -->\n\t\t\t\t\t\t\t\n\t\t\t\t\t\t\t\n\t\t\t\t\t\t\t\n\t\t\t\t\t\t\t\t\t\t\t\t\t\t\n\t\t\t\t\t\t\t<!-- image -->\n\t\t\t\t\t\t\t\t\t\t\t\t\t\t<!-- icon -->\n\t\t\t\t\t\t\t\t\t\t\t\t\t\t\n\t\t\t\t\t\t\t<!-- bar -->\n\t\t\t\t\t\t\t\t\t\t\t\t\t\t<!-- circle bar -->\n\t\t\t\t\t\t\t\t\t\t\t\t\t\t\n\t\t\t\t\t\t\t\t\n\t\t\t\t\t\t\t\n\n\t\t\t\t\t\t\t\n\t\t\t\t\t\t\t<!-- content -->\n\t\t\t\t\t\t\t\t\t\t\t\t\t\t\t<p>Sant Juli\u00e0 de Vilatorta\n  <\/p>\t\t\n\t\t\t\t\t\t\t\t\t\t\t\t\t\t\n\t\t\t\t\t\t<\/div>\n\t\t\t\t\t\t\t<!-- inner title -->\n\t\t\t\t\t\t\t\t\t\t\t\t\t\n\t\t\t\t\t<\/div>\n\n\t\t\t\t\t\t<\/div>\n\t\t\t\t<\/div>\n\t\t\t\t<div class=\"elementor-element elementor-element-7fac1c9 elementor-align-center elementor-widget elementor-widget-button\" data-id=\"7fac1c9\" data-element_type=\"widget\" data-widget_type=\"button.default\">\n\t\t\t\t<div class=\"elementor-widget-container\">\n\t\t\t\t\t<div class=\"elementor-button-wrapper\">\n\t\t\t<a class=\"elementor-button elementor-button-link elementor-size-sm\" href=\"https:\/\/3dracsnadal.com\/en\/the-house\/\">\n\t\t\t\t\t\t<span class=\"elementor-button-content-wrapper\">\n\t\t\t\t\t\t<span class=\"elementor-button-text\">More information<\/span>\n\t\t<\/span>\n\t\t\t\t\t<\/a>\n\t\t<\/div>\n\t\t\t\t<\/div>\n\t\t\t\t<\/div>\n\t\t\t\t\t<\/div>\n\t\t<\/div>\n\t\t\t\t\t<\/div>\n\t\t<\/section>\n\t\t\t\t<section class=\"elementor-section elementor-inner-section elementor-element elementor-element-492ff88 elementor-section-boxed elementor-section-height-default elementor-section-height-default\" data-id=\"492ff88\" data-element_type=\"section\">\n\t\t\t\t\t\t<div class=\"elementor-container elementor-column-gap-default\">\n\t\t\t\t\t<div class=\"elementor-column elementor-col-50 elementor-inner-column elementor-element elementor-element-186a24f\" data-id=\"186a24f\" data-element_type=\"column\">\n\t\t\t<div class=\"elementor-widget-wrap elementor-element-populated\">\n\t\t\t\t\t\t<div class=\"elementor-element elementor-element-2be276f elementor-widget elementor-widget-image\" data-id=\"2be276f\" data-element_type=\"widget\" data-widget_type=\"image.default\">\n\t\t\t\t<div class=\"elementor-widget-container\">\n\t\t\t\t\t\t\t\t\t\t\t\t\t<img decoding=\"async\" width=\"720\" height=\"565\" src=\"https:\/\/3dracsnadal.com\/wp-content\/uploads\/2024\/02\/espacio3.png\" class=\"attachment-large size-large wp-image-12553\" alt=\"\" srcset=\"https:\/\/3dracsnadal.com\/wp-content\/uploads\/2024\/02\/espacio3.png 720w, https:\/\/3dracsnadal.com\/wp-content\/uploads\/2024\/02\/espacio3-300x235.png 300w\" sizes=\"(max-width: 720px) 100vw, 720px\" \/>\t\t\t\t\t\t\t\t\t\t\t\t\t<\/div>\n\t\t\t\t<\/div>\n\t\t\t\t<div class=\"elementor-element elementor-element-4a583af poket-star-rating--align-center elementor-widget elementor-widget-witr_section_title\" data-id=\"4a583af\" data-element_type=\"widget\" data-widget_type=\"witr_section_title.default\">\n\t\t\t\t<div class=\"elementor-widget-container\">\n\t\t\t\t\t\t\t\t<!-- title center -->\n\t\t\t\t\t<div class=\"witr_section_title\">\n\t\t\t\t\t\t<div class=\"witr_section_title_inner text-center\">\n\n\t\t\t\t\t\t\t<!-- icon position -->\n\t\t\t\t\t\t\t\t\n\t\t\t\t\t\t\t<!-- end icon position -->\n\t\t\t\t\t\t\t\n\t\t\t\t\t\t\n\t\t\t\t\t\t\t<!-- title top -->\n\t\t\t\t\t\t\t\t\t\t\t\t\t\t\t<h2>Los tres cajones<\/h2>\t\t\n\t\t\t\t\t\t\t\n\n\t\t\t\t\t\t\t<!-- icon position -->\n\t\t\t\t\t\t\t\t\n\t\t\t\t\t\t\t<!-- end icon position -->\n\n\n\t\t\t\t\t\t\t\n\t\t\t\t\t\t\t<!-- title middle -->\n\t\t\t\t\t\t\t\t\t\t\t\t\t\t<!-- title bottom -->\n\t\t\t\t\t\t\t\n\t\t\t\t\t\t\t\n\t\t\t\t\t\t\t\n\t\t\t\t\t\t\t\t\t\t\t\t\t\t\n\t\t\t\t\t\t\t<!-- image -->\n\t\t\t\t\t\t\t\t\t\t\t\t\t\t<!-- icon -->\n\t\t\t\t\t\t\t\t\t\t\t\t\t\t\n\t\t\t\t\t\t\t<!-- bar -->\n\t\t\t\t\t\t\t\t\t\t\t\t\t\t<!-- circle bar -->\n\t\t\t\t\t\t\t\t\t\t\t\t\t\t\n\t\t\t\t\t\t\t\t\n\t\t\t\t\t\t\t\n\n\t\t\t\t\t\t\t\n\t\t\t\t\t\t\t<!-- content -->\n\t\t\t\t\t\t\t\t\t\t\t\t\t\t\t<p>Sant Juli\u00e0 de Vilatorta <\/p>\t\t\n\t\t\t\t\t\t\t\t\t\t\t\t\t\t\n\t\t\t\t\t\t<\/div>\n\t\t\t\t\t\t\t<!-- inner title -->\n\t\t\t\t\t\t\t\t\t\t\t\t\t\n\t\t\t\t\t<\/div>\n\n\t\t\t\t\t\t<\/div>\n\t\t\t\t<\/div>\n\t\t\t\t<div class=\"elementor-element elementor-element-0f80bad elementor-align-center elementor-widget elementor-widget-button\" data-id=\"0f80bad\" data-element_type=\"widget\" data-widget_type=\"button.default\">\n\t\t\t\t<div class=\"elementor-widget-container\">\n\t\t\t\t\t<div class=\"elementor-button-wrapper\">\n\t\t\t<a class=\"elementor-button elementor-button-link elementor-size-sm\" href=\"https:\/\/3dracsnadal.com\/en\/els-tres-dracs\/\">\n\t\t\t\t\t\t<span class=\"elementor-button-content-wrapper\">\n\t\t\t\t\t\t<span class=\"elementor-button-text\">More information<\/span>\n\t\t<\/span>\n\t\t\t\t\t<\/a>\n\t\t<\/div>\n\t\t\t\t<\/div>\n\t\t\t\t<\/div>\n\t\t\t\t\t<\/div>\n\t\t<\/div>\n\t\t\t\t<div class=\"elementor-column elementor-col-50 elementor-inner-column elementor-element elementor-element-16d2f2a\" data-id=\"16d2f2a\" data-element_type=\"column\">\n\t\t\t<div class=\"elementor-widget-wrap elementor-element-populated\">\n\t\t\t\t\t\t<div class=\"elementor-element elementor-element-bf16f94 elementor-widget elementor-widget-image\" data-id=\"bf16f94\" data-element_type=\"widget\" data-widget_type=\"image.default\">\n\t\t\t\t<div class=\"elementor-widget-container\">\n\t\t\t\t\t\t\t\t\t\t\t\t\t<img loading=\"lazy\" decoding=\"async\" width=\"1024\" height=\"803\" src=\"https:\/\/3dracsnadal.com\/wp-content\/uploads\/2024\/02\/espacio4-1024x803.png\" class=\"attachment-large size-large wp-image-12555\" alt=\"\" srcset=\"https:\/\/3dracsnadal.com\/wp-content\/uploads\/2024\/02\/espacio4-1024x803.png 1024w, https:\/\/3dracsnadal.com\/wp-content\/uploads\/2024\/02\/espacio4-300x235.png 300w, https:\/\/3dracsnadal.com\/wp-content\/uploads\/2024\/02\/espacio4-768x602.png 768w, https:\/\/3dracsnadal.com\/wp-content\/uploads\/2024\/02\/espacio4.png 1200w\" sizes=\"(max-width: 1024px) 100vw, 1024px\" \/>\t\t\t\t\t\t\t\t\t\t\t\t\t<\/div>\n\t\t\t\t<\/div>\n\t\t\t\t<div class=\"elementor-element elementor-element-be4ee42 poket-star-rating--align-center elementor-widget elementor-widget-witr_section_title\" data-id=\"be4ee42\" data-element_type=\"widget\" data-widget_type=\"witr_section_title.default\">\n\t\t\t\t<div class=\"elementor-widget-container\">\n\t\t\t\t\t\t\t\t<!-- title center -->\n\t\t\t\t\t<div class=\"witr_section_title\">\n\t\t\t\t\t\t<div class=\"witr_section_title_inner text-center\">\n\n\t\t\t\t\t\t\t<!-- icon position -->\n\t\t\t\t\t\t\t\t\n\t\t\t\t\t\t\t<!-- end icon position -->\n\t\t\t\t\t\t\t\n\t\t\t\t\t\t\n\t\t\t\t\t\t\t<!-- title top -->\n\t\t\t\t\t\t\t\t\t\t\t\t\t\t\t<h2>Los Tres Dragones Azules<\/h2>\t\t\n\t\t\t\t\t\t\t\n\n\t\t\t\t\t\t\t<!-- icon position -->\n\t\t\t\t\t\t\t\t\n\t\t\t\t\t\t\t<!-- end icon position -->\n\n\n\t\t\t\t\t\t\t\n\t\t\t\t\t\t\t<!-- title middle -->\n\t\t\t\t\t\t\t\t\t\t\t\t\t\t<!-- title bottom -->\n\t\t\t\t\t\t\t\n\t\t\t\t\t\t\t\n\t\t\t\t\t\t\t\n\t\t\t\t\t\t\t\t\t\t\t\t\t\t\n\t\t\t\t\t\t\t<!-- image -->\n\t\t\t\t\t\t\t\t\t\t\t\t\t\t<!-- icon -->\n\t\t\t\t\t\t\t\t\t\t\t\t\t\t\n\t\t\t\t\t\t\t<!-- bar -->\n\t\t\t\t\t\t\t\t\t\t\t\t\t\t<!-- circle bar -->\n\t\t\t\t\t\t\t\t\t\t\t\t\t\t\n\t\t\t\t\t\t\t\t\n\t\t\t\t\t\t\t\n\n\t\t\t\t\t\t\t\n\t\t\t\t\t\t\t<!-- content -->\n\t\t\t\t\t\t\t\t\t\t\t\t\t\t\t<p>Sant Juli\u00e0 de Vilatorta\n  <\/p>\t\t\n\t\t\t\t\t\t\t\t\t\t\t\t\t\t\n\t\t\t\t\t\t<\/div>\n\t\t\t\t\t\t\t<!-- inner title -->\n\t\t\t\t\t\t\t\t\t\t\t\t\t\n\t\t\t\t\t<\/div>\n\n\t\t\t\t\t\t<\/div>\n\t\t\t\t<\/div>\n\t\t\t\t<div class=\"elementor-element elementor-element-fa8f7ff elementor-align-center elementor-widget elementor-widget-button\" data-id=\"fa8f7ff\" data-element_type=\"widget\" data-widget_type=\"button.default\">\n\t\t\t\t<div class=\"elementor-widget-container\">\n\t\t\t\t\t<div class=\"elementor-button-wrapper\">\n\t\t\t<a class=\"elementor-button elementor-button-link elementor-size-sm\" href=\"https:\/\/3dracsnadal.com\/en\/los-tres-dragones-azules\/\">\n\t\t\t\t\t\t<span class=\"elementor-button-content-wrapper\">\n\t\t\t\t\t\t<span class=\"elementor-button-text\">More information<\/span>\n\t\t<\/span>\n\t\t\t\t\t<\/a>\n\t\t<\/div>\n\t\t\t\t<\/div>\n\t\t\t\t<\/div>\n\t\t\t\t\t<\/div>\n\t\t<\/div>\n\t\t\t\t\t<\/div>\n\t\t<\/section>\n\t\t\t\t\t<\/div>\n\t\t<\/div>\n\t\t\t\t\t<\/div>\n\t\t<\/section>\n\t\t\t\t<\/div>\n\t\t","protected":false},"excerpt":{"rendered":"<p>Our Spaces Here we present a summary of the surroundings of the house. Location Discover the Beauty of Osona and Sant Juli\u00e0 de Vilatortafor Your Stay in Our Vacation Home Sant Juli\u00e0 de Vilatorta More information Home Our charming accommodationin Sant Juli\u00e0 de Vilatorta Sant Juli\u00e0 de Vilatorta More information Los tres cajones Sant Juli\u00e0 [&hellip;]<\/p>\n","protected":false},"author":1,"featured_media":0,"parent":0,"menu_order":0,"comment_status":"closed","ping_status":"closed","template":"template-home.php","meta":{"footnotes":""},"class_list":["post-12816","page","type-page","status-publish","hentry"],"yoast_head":"<!-- This site is optimized with the Yoast SEO plugin v22.2 - https:\/\/yoast.com\/wordpress\/plugins\/seo\/ -->\n<title>Osona: Authentic rural tourism<\/title>\n<meta name=\"description\" content=\"Discover the beauty of Osona. Rural house that combines tradition and modern comfort\" \/>\n<meta name=\"robots\" content=\"index, follow, max-snippet:-1, max-image-preview:large, max-video-preview:-1\" \/>\n<link rel=\"canonical\" href=\"https:\/\/3dracsnadal.com\/espacios\/\" \/>\n<meta property=\"og:locale\" content=\"en_US\" \/>\n<meta property=\"og:type\" content=\"article\" \/>\n<meta property=\"og:title\" content=\"Osona: Authentic rural tourism\" \/>\n<meta property=\"og:description\" content=\"Discover the beauty of Osona. Rural house that combines tradition and modern comfort\" \/>\n<meta property=\"og:url\" content=\"https:\/\/3dracsnadal.com\/espacios\/\" \/>\n<meta property=\"og:site_name\" content=\"Rectificadora Vigatana\" \/>\n<meta property=\"article:modified_time\" content=\"2024-03-12T15:59:25+00:00\" \/>\n<meta property=\"og:image\" content=\"https:\/\/3dracsnadal.com\/wp-content\/uploads\/2024\/02\/espacio1.png\" \/>\n<meta name=\"twitter:card\" content=\"summary_large_image\" \/>\n<meta name=\"twitter:label1\" content=\"Est. reading time\" \/>\n\t<meta name=\"twitter:data1\" content=\"2 minutes\" \/>\n<script type=\"application\/ld+json\" class=\"yoast-schema-graph\">{\"@context\":\"https:\/\/schema.org\",\"@graph\":[{\"@type\":\"WebPage\",\"@id\":\"https:\/\/3dracsnadal.com\/espacios\/\",\"url\":\"https:\/\/3dracsnadal.com\/espacios\/\",\"name\":\"Osona: Authentic rural tourism\",\"isPartOf\":{\"@id\":\"https:\/\/3dracsnadal.com\/#website\"},\"primaryImageOfPage\":{\"@id\":\"https:\/\/3dracsnadal.com\/espacios\/#primaryimage\"},\"image\":{\"@id\":\"https:\/\/3dracsnadal.com\/espacios\/#primaryimage\"},\"thumbnailUrl\":\"https:\/\/3dracsnadal.com\/wp-content\/uploads\/2024\/02\/espacio1.png\",\"datePublished\":\"2020-11-12T03:54:48+00:00\",\"dateModified\":\"2024-03-12T15:59:25+00:00\",\"description\":\"Discover the beauty of Osona. Rural house that combines tradition and modern comfort\",\"breadcrumb\":{\"@id\":\"https:\/\/3dracsnadal.com\/espacios\/#breadcrumb\"},\"inLanguage\":\"en-US\",\"potentialAction\":[{\"@type\":\"ReadAction\",\"target\":[\"https:\/\/3dracsnadal.com\/espacios\/\"]}]},{\"@type\":\"ImageObject\",\"inLanguage\":\"en-US\",\"@id\":\"https:\/\/3dracsnadal.com\/espacios\/#primaryimage\",\"url\":\"https:\/\/3dracsnadal.com\/wp-content\/uploads\/2024\/02\/espacio1.png\",\"contentUrl\":\"https:\/\/3dracsnadal.com\/wp-content\/uploads\/2024\/02\/espacio1.png\",\"width\":1200,\"height\":737},{\"@type\":\"BreadcrumbList\",\"@id\":\"https:\/\/3dracsnadal.com\/espacios\/#breadcrumb\",\"itemListElement\":[{\"@type\":\"ListItem\",\"position\":1,\"name\":\"Portada\",\"item\":\"https:\/\/3dracsnadal.com\/en\/\"},{\"@type\":\"ListItem\",\"position\":2,\"name\":\"Spaces\"}]},{\"@type\":\"WebSite\",\"@id\":\"https:\/\/3dracsnadal.com\/#website\",\"url\":\"https:\/\/3dracsnadal.com\/\",\"name\":\"Rectificadora Vigatana\",\"description\":\"Els tres dracs del Nadal\",\"publisher\":{\"@id\":\"https:\/\/3dracsnadal.com\/#organization\"},\"potentialAction\":[{\"@type\":\"SearchAction\",\"target\":{\"@type\":\"EntryPoint\",\"urlTemplate\":\"https:\/\/3dracsnadal.com\/?s={search_term_string}\"},\"query-input\":\"required name=search_term_string\"}],\"inLanguage\":\"en-US\"},{\"@type\":\"Organization\",\"@id\":\"https:\/\/3dracsnadal.com\/#organization\",\"name\":\"Rectificadora Vigatana\",\"url\":\"https:\/\/3dracsnadal.com\/\",\"logo\":{\"@type\":\"ImageObject\",\"inLanguage\":\"en-US\",\"@id\":\"https:\/\/3dracsnadal.com\/#\/schema\/logo\/image\/\",\"url\":\"https:\/\/3dracsnadal.com\/wp-content\/uploads\/2024\/03\/logo-1.png\",\"contentUrl\":\"https:\/\/3dracsnadal.com\/wp-content\/uploads\/2024\/03\/logo-1.png\",\"width\":557,\"height\":432,\"caption\":\"Rectificadora Vigatana\"},\"image\":{\"@id\":\"https:\/\/3dracsnadal.com\/#\/schema\/logo\/image\/\"}}]}<\/script>\n<!-- \/ Yoast SEO plugin. -->","yoast_head_json":{"title":"Osona: Authentic rural tourism","description":"Discover the beauty of Osona. Rural house that combines tradition and modern comfort","robots":{"index":"index","follow":"follow","max-snippet":"max-snippet:-1","max-image-preview":"max-image-preview:large","max-video-preview":"max-video-preview:-1"},"canonical":"https:\/\/3dracsnadal.com\/espacios\/","og_locale":"en_US","og_type":"article","og_title":"Osona: Authentic rural tourism","og_description":"Discover the beauty of Osona. Rural house that combines tradition and modern comfort","og_url":"https:\/\/3dracsnadal.com\/espacios\/","og_site_name":"Rectificadora Vigatana","article_modified_time":"2024-03-12T15:59:25+00:00","og_image":[{"url":"https:\/\/3dracsnadal.com\/wp-content\/uploads\/2024\/02\/espacio1.png"}],"twitter_card":"summary_large_image","twitter_misc":{"Est. reading time":"2 minutes"},"schema":{"@context":"https:\/\/schema.org","@graph":[{"@type":"WebPage","@id":"https:\/\/3dracsnadal.com\/espacios\/","url":"https:\/\/3dracsnadal.com\/espacios\/","name":"Osona: Authentic rural tourism","isPartOf":{"@id":"https:\/\/3dracsnadal.com\/#website"},"primaryImageOfPage":{"@id":"https:\/\/3dracsnadal.com\/espacios\/#primaryimage"},"image":{"@id":"https:\/\/3dracsnadal.com\/espacios\/#primaryimage"},"thumbnailUrl":"https:\/\/3dracsnadal.com\/wp-content\/uploads\/2024\/02\/espacio1.png","datePublished":"2020-11-12T03:54:48+00:00","dateModified":"2024-03-12T15:59:25+00:00","description":"Discover the beauty of Osona. Rural house that combines tradition and modern comfort","breadcrumb":{"@id":"https:\/\/3dracsnadal.com\/espacios\/#breadcrumb"},"inLanguage":"en-US","potentialAction":[{"@type":"ReadAction","target":["https:\/\/3dracsnadal.com\/espacios\/"]}]},{"@type":"ImageObject","inLanguage":"en-US","@id":"https:\/\/3dracsnadal.com\/espacios\/#primaryimage","url":"https:\/\/3dracsnadal.com\/wp-content\/uploads\/2024\/02\/espacio1.png","contentUrl":"https:\/\/3dracsnadal.com\/wp-content\/uploads\/2024\/02\/espacio1.png","width":1200,"height":737},{"@type":"BreadcrumbList","@id":"https:\/\/3dracsnadal.com\/espacios\/#breadcrumb","itemListElement":[{"@type":"ListItem","position":1,"name":"Portada","item":"https:\/\/3dracsnadal.com\/en\/"},{"@type":"ListItem","position":2,"name":"Spaces"}]},{"@type":"WebSite","@id":"https:\/\/3dracsnadal.com\/#website","url":"https:\/\/3dracsnadal.com\/","name":"Rectificadora Vigatana","description":"Els tres dracs del Nadal","publisher":{"@id":"https:\/\/3dracsnadal.com\/#organization"},"potentialAction":[{"@type":"SearchAction","target":{"@type":"EntryPoint","urlTemplate":"https:\/\/3dracsnadal.com\/?s={search_term_string}"},"query-input":"required name=search_term_string"}],"inLanguage":"en-US"},{"@type":"Organization","@id":"https:\/\/3dracsnadal.com\/#organization","name":"Rectificadora Vigatana","url":"https:\/\/3dracsnadal.com\/","logo":{"@type":"ImageObject","inLanguage":"en-US","@id":"https:\/\/3dracsnadal.com\/#\/schema\/logo\/image\/","url":"https:\/\/3dracsnadal.com\/wp-content\/uploads\/2024\/03\/logo-1.png","contentUrl":"https:\/\/3dracsnadal.com\/wp-content\/uploads\/2024\/03\/logo-1.png","width":557,"height":432,"caption":"Rectificadora Vigatana"},"image":{"@id":"https:\/\/3dracsnadal.com\/#\/schema\/logo\/image\/"}}]}},"_links":{"self":[{"href":"https:\/\/3dracsnadal.com\/en\/wp-json\/wp\/v2\/pages\/12816","targetHints":{"allow":["GET"]}}],"collection":[{"href":"https:\/\/3dracsnadal.com\/en\/wp-json\/wp\/v2\/pages"}],"about":[{"href":"https:\/\/3dracsnadal.com\/en\/wp-json\/wp\/v2\/types\/page"}],"author":[{"embeddable":true,"href":"https:\/\/3dracsnadal.com\/en\/wp-json\/wp\/v2\/users\/1"}],"replies":[{"embeddable":true,"href":"https:\/\/3dracsnadal.com\/en\/wp-json\/wp\/v2\/comments?post=12816"}],"version-history":[{"count":26,"href":"https:\/\/3dracsnadal.com\/en\/wp-json\/wp\/v2\/pages\/12816\/revisions"}],"predecessor-version":[{"id":13533,"href":"https:\/\/3dracsnadal.com\/en\/wp-json\/wp\/v2\/pages\/12816\/revisions\/13533"}],"wp:attachment":[{"href":"https:\/\/3dracsnadal.com\/en\/wp-json\/wp\/v2\/media?parent=12816"}],"curies":[{"name":"wp","href":"https:\/\/api.w.org\/{rel}","templated":true}]}}